{"id":6426,"date":"2025-08-14T18:13:36","date_gmt":"2025-08-14T18:13:36","guid":{"rendered":"https:\/\/godeal.ca\/?post_type=product&#038;p=6426"},"modified":"2025-08-27T17:53:21","modified_gmt":"2025-08-27T17:53:21","slug":"paid-social-media-advertising-campaigns","status":"publish","type":"product","link":"https:\/\/majal.ca\/fr\/shop\/paid-social-media-advertising-campaigns\/","title":{"rendered":"Campagnes publicitaires payantes sur les r\u00e9seaux sociaux"},"content":{"rendered":"<p data-start=\"296\" data-end=\"712\"><strong data-start=\"296\" data-end=\"318\">\u00c0 propos de ce service<\/strong><br data-start=\"318\" data-end=\"321\" \/>Je con\u00e7ois et g\u00e8re des campagnes publicitaires payantes sur les principales plateformes de r\u00e9seaux sociaux afin de vous aider \u00e0 atteindre votre audience id\u00e9ale, accro\u00eetre la notori\u00e9t\u00e9 de votre marque et obtenir des r\u00e9sultats mesurables. De la cr\u00e9ation des annonces \u00e0 l\u2019optimisation du budget, chaque \u00e9tape est adapt\u00e9e \u00e0 vos objectifs commerciaux. Ce service garantit des publicit\u00e9s attrayantes, un ciblage strat\u00e9gique et un suivi constant pour des performances optimales.<\/p>\n<p data-start=\"714\" data-end=\"738\"><strong data-start=\"714\" data-end=\"736\">Ce que vous obtiendrez :<\/strong><\/p>\n<ul>\n<li data-start=\"741\" data-end=\"817\">Cr\u00e9ations publicitaires personnalis\u00e9es pour Facebook, Instagram, LinkedIn ou TikTok<\/li>\n<li data-start=\"820\" data-end=\"889\">Ciblage d\u2019audience bas\u00e9 sur la d\u00e9mographie, les centres d\u2019int\u00e9r\u00eat et les comportements<\/li>\n<li data-start=\"892\" data-end=\"933\">Mise en place des campagnes et optimisation des budgets<\/li>\n<li data-start=\"936\" data-end=\"973\">Tests A\/B pour am\u00e9liorer les performances<\/li>\n<li data-start=\"976\" data-end=\"1028\">Suivi continu et ajustements pour un meilleur retour sur investissement<\/li>\n<\/ul>\n<p>&nbsp;<\/p>\n<p data-start=\"1030\" data-end=\"1059\"><strong data-start=\"1030\" data-end=\"1057\">Pourquoi commander ce service ?<\/strong><\/p>\n<ul>\n<li data-start=\"1062\" data-end=\"1107\">Atteindre la bonne audience au bon moment<\/li>\n<li data-start=\"1110\" data-end=\"1161\">Augmenter rapidement la visibilit\u00e9 et l\u2019engagement de la marque<\/li>\n<li data-start=\"1164\" data-end=\"1203\">G\u00e9n\u00e9rer plus de trafic, de prospects et de ventes<\/li>\n<li data-start=\"1206\" data-end=\"1246\">Optimiser les d\u00e9penses publicitaires pour des r\u00e9sultats maximums<\/li>\n<\/ul>\n<p>&nbsp;<\/p>\n<p data-start=\"1248\" data-end=\"1271\"><strong data-start=\"1248\" data-end=\"1269\">Options suppl\u00e9mentaires :<\/strong><\/p>\n<ul>\n<li data-start=\"1274\" data-end=\"1294\">Cr\u00e9ation de publicit\u00e9s vid\u00e9o<\/li>\n<li data-start=\"1297\" data-end=\"1339\">Campagnes de reciblage pour les visiteurs pr\u00e9c\u00e9dents<\/li>\n<li data-start=\"1342\" data-end=\"1380\">Conception de pages d\u2019atterrissage optimis\u00e9es pour la conversion<\/li>\n<li data-start=\"1383\" data-end=\"1422\">Rapports mensuels d\u00e9taill\u00e9s sur les performances<\/li>\n<\/ul>\n<p>&nbsp;<\/p>","protected":false},"excerpt":{"rendered":"<p>About this serviceI design and manage paid advertising campaigns across major social media platforms to help you reach your ideal audience, increase brand awareness, and drive measurable results. From ad creation to budget optimization, every step is tailored to meet your business goals. This service ensures that your ads are visually appealing, strategically targeted, and [&hellip;]<\/p>\n","protected":false},"featured_media":6427,"comment_status":"open","ping_status":"closed","template":"","meta":{"_acf_changed":false},"product_brand":[],"product_cat":[134],"product_tag":[142],"class_list":{"0":"post-6426","1":"product","2":"type-product","3":"status-publish","4":"has-post-thumbnail","6":"product_cat-social-media-marketing","7":"product_tag-monthly-plan","9":"first","10":"instock","11":"virtual","12":"sold-individually","13":"taxable","14":"purchasable","15":"product-type-simple"},"acf":[],"aioseo_notices":[],"_links":{"self":[{"href":"https:\/\/majal.ca\/fr\/wp-json\/wp\/v2\/product\/6426","targetHints":{"allow":["GET"]}}],"collection":[{"href":"https:\/\/majal.ca\/fr\/wp-json\/wp\/v2\/product"}],"about":[{"href":"https:\/\/majal.ca\/fr\/wp-json\/wp\/v2\/types\/product"}],"replies":[{"embeddable":true,"href":"https:\/\/majal.ca\/fr\/wp-json\/wp\/v2\/comments?post=6426"}],"version-history":[{"count":5,"href":"https:\/\/majal.ca\/fr\/wp-json\/wp\/v2\/product\/6426\/revisions"}],"predecessor-version":[{"id":7484,"href":"https:\/\/majal.ca\/fr\/wp-json\/wp\/v2\/product\/6426\/revisions\/7484"}],"wp:featuredmedia":[{"embeddable":true,"href":"https:\/\/majal.ca\/fr\/wp-json\/wp\/v2\/media\/6427"}],"wp:attachment":[{"href":"https:\/\/majal.ca\/fr\/wp-json\/wp\/v2\/media?parent=6426"}],"wp:term":[{"taxonomy":"product_brand","embeddable":true,"href":"https:\/\/majal.ca\/fr\/wp-json\/wp\/v2\/product_brand?post=6426"},{"taxonomy":"product_cat","embeddable":true,"href":"https:\/\/majal.ca\/fr\/wp-json\/wp\/v2\/product_cat?post=6426"},{"taxonomy":"product_tag","embeddable":true,"href":"https:\/\/majal.ca\/fr\/wp-json\/wp\/v2\/product_tag?post=6426"}],"curies":[{"name":"wp","href":"https:\/\/api.w.org\/{rel}","templated":true}]}}