{"id":6423,"date":"2025-08-14T18:06:02","date_gmt":"2025-08-14T18:06:02","guid":{"rendered":"https:\/\/godeal.ca\/?post_type=product&#038;p=6423"},"modified":"2025-08-27T17:53:06","modified_gmt":"2025-08-27T17:53:06","slug":"social-media-content-creation-scheduling","status":"publish","type":"product","link":"https:\/\/majal.ca\/fr\/shop\/social-media-content-creation-scheduling\/","title":{"rendered":"Cr\u00e9ation et planification de contenu pour les r\u00e9seaux sociaux"},"content":{"rendered":"<p data-start=\"309\" data-end=\"697\"><strong data-start=\"309\" data-end=\"331\">\u00c0 propos de ce service<\/strong><br data-start=\"331\" data-end=\"334\" \/>Je con\u00e7ois et planifie du contenu engageant pour les r\u00e9seaux sociaux, adapt\u00e9 \u00e0 la voix, \u00e0 l\u2019audience et aux objectifs de votre marque. Ce service couvre tout, de la cr\u00e9ation du concept \u00e0 la publication, afin que vos canaux restent actifs, coh\u00e9rents et professionnels. Gr\u00e2ce \u00e0 une planification strat\u00e9gique, vos publications atteindront votre audience aux moments cl\u00e9s pour une visibilit\u00e9 et un engagement maximum.<\/p>\n<p data-start=\"699\" data-end=\"723\"><strong data-start=\"699\" data-end=\"721\">Ce que vous obtiendrez :<\/strong><\/p>\n<ul>\n<li data-start=\"726\" data-end=\"779\">Visuels personnalis\u00e9s (graphiques, images et courtes vid\u00e9os)<\/li>\n<li data-start=\"782\" data-end=\"851\">L\u00e9gendes captivantes et appels \u00e0 l\u2019action adapt\u00e9s \u00e0 chaque plateforme<\/li>\n<li data-start=\"854\" data-end=\"905\">Planification d\u2019un calendrier de contenu pour des publications r\u00e9guli\u00e8res<\/li>\n<li data-start=\"908\" data-end=\"947\">Recherche de hashtags pour accro\u00eetre la port\u00e9e<\/li>\n<li data-start=\"950\" data-end=\"1002\">Programmation des publications aux moments optimaux pour maximiser l\u2019engagement<\/li>\n<\/ul>\n<p>&nbsp;<\/p>\n<p data-start=\"1004\" data-end=\"1033\"><strong data-start=\"1004\" data-end=\"1031\">Pourquoi commander ce service ?<\/strong><\/p>\n<ul>\n<li data-start=\"1036\" data-end=\"1100\">Maintient une pr\u00e9sence professionnelle et coh\u00e9rente sur les r\u00e9seaux sociaux<\/li>\n<li data-start=\"1103\" data-end=\"1153\">Augmente l\u2019engagement de l\u2019audience et la fid\u00e9lit\u00e9 \u00e0 la marque<\/li>\n<li data-start=\"1156\" data-end=\"1212\">Vous fait gagner du temps en g\u00e9rant l\u2019ensemble du processus de contenu<\/li>\n<li data-start=\"1215\" data-end=\"1279\">Garantit des publications strat\u00e9giquement programm\u00e9es pour un impact maximal<\/li>\n<\/ul>\n<p>&nbsp;<\/p>\n<p data-start=\"1281\" data-end=\"1304\"><strong data-start=\"1281\" data-end=\"1302\">Options suppl\u00e9mentaires :<\/strong><\/p>\n<ul>\n<li data-start=\"1307\" data-end=\"1341\">Cr\u00e9ation de vid\u00e9os anim\u00e9es (reels ou stories)<\/li>\n<li data-start=\"1344\" data-end=\"1386\">Conception de mod\u00e8les de marque r\u00e9utilisables<\/li>\n<li data-start=\"1389\" data-end=\"1455\">Publications multi-plateformes (Facebook, Instagram, LinkedIn, Twitter)<\/li>\n<li data-start=\"1458\" data-end=\"1497\">Analyse mensuelle des performances du contenu<\/li>\n<\/ul>\n<p data-start=\"1499\" data-end=\"1633\">","protected":false},"excerpt":{"rendered":"<p>About this serviceI design and plan engaging social media content tailored to your brand\u2019s voice, audience, and goals. This service covers everything from concept creation to publishing, ensuring your social channels remain active, consistent, and professional. With scheduled posts, your content will reach your audience at the right times for maximum visibility and engagement. What [&hellip;]<\/p>\n","protected":false},"featured_media":6424,"comment_status":"open","ping_status":"closed","template":"","meta":{"_acf_changed":false},"product_brand":[],"product_cat":[134],"product_tag":[141],"class_list":{"0":"post-6423","1":"product","2":"type-product","3":"status-publish","4":"has-post-thumbnail","6":"product_cat-social-media-marketing","7":"product_tag-one-time-fee","9":"first","10":"instock","11":"virtual","12":"taxable","13":"purchasable","14":"product-type-simple"},"acf":[],"aioseo_notices":[],"_links":{"self":[{"href":"https:\/\/majal.ca\/fr\/wp-json\/wp\/v2\/product\/6423","targetHints":{"allow":["GET"]}}],"collection":[{"href":"https:\/\/majal.ca\/fr\/wp-json\/wp\/v2\/product"}],"about":[{"href":"https:\/\/majal.ca\/fr\/wp-json\/wp\/v2\/types\/product"}],"replies":[{"embeddable":true,"href":"https:\/\/majal.ca\/fr\/wp-json\/wp\/v2\/comments?post=6423"}],"version-history":[{"count":4,"href":"https:\/\/majal.ca\/fr\/wp-json\/wp\/v2\/product\/6423\/revisions"}],"predecessor-version":[{"id":7485,"href":"https:\/\/majal.ca\/fr\/wp-json\/wp\/v2\/product\/6423\/revisions\/7485"}],"wp:featuredmedia":[{"embeddable":true,"href":"https:\/\/majal.ca\/fr\/wp-json\/wp\/v2\/media\/6424"}],"wp:attachment":[{"href":"https:\/\/majal.ca\/fr\/wp-json\/wp\/v2\/media?parent=6423"}],"wp:term":[{"taxonomy":"product_brand","embeddable":true,"href":"https:\/\/majal.ca\/fr\/wp-json\/wp\/v2\/product_brand?post=6423"},{"taxonomy":"product_cat","embeddable":true,"href":"https:\/\/majal.ca\/fr\/wp-json\/wp\/v2\/product_cat?post=6423"},{"taxonomy":"product_tag","embeddable":true,"href":"https:\/\/majal.ca\/fr\/wp-json\/wp\/v2\/product_tag?post=6423"}],"curies":[{"name":"wp","href":"https:\/\/api.w.org\/{rel}","templated":true}]}}