{"id":6420,"date":"2025-08-14T17:39:07","date_gmt":"2025-08-14T17:39:07","guid":{"rendered":"https:\/\/godeal.ca\/?post_type=product&#038;p=6420"},"modified":"2025-08-27T17:51:08","modified_gmt":"2025-08-27T17:51:08","slug":"facebook-instagram-page-setup-optimization","status":"publish","type":"product","link":"https:\/\/majal.ca\/fr\/shop\/facebook-instagram-page-setup-optimization\/","title":{"rendered":"Configuration et optimisation de pages Facebook &amp; Instagram"},"content":{"rendered":"<p data-start=\"799\" data-end=\"1295\"><strong data-start=\"799\" data-end=\"821\">\u00c0 propos de ce service<\/strong><br data-start=\"821\" data-end=\"824\" \/>J\u2019aide les entreprises \u00e0 \u00e9tablir une pr\u00e9sence puissante sur Facebook et Instagram en cr\u00e9ant ou en optimisant leurs pages pour un impact maximal. Cela inclut la configuration compl\u00e8te des informations essentielles de l\u2019entreprise, la conception de visuels de haute qualit\u00e9 et la mise en place de fonctionnalit\u00e9s pour am\u00e9liorer la d\u00e9couvrabilit\u00e9 et l\u2019engagement. Gr\u00e2ce \u00e0 des strat\u00e9gies d\u2019optimisation \u00e9prouv\u00e9es, vos pages attireront la bonne audience, renforceront votre cr\u00e9dibilit\u00e9 et poseront les bases de campagnes de marketing sur les r\u00e9seaux sociaux r\u00e9ussies.<\/p>\n<p data-start=\"1297\" data-end=\"1321\"><strong data-start=\"1297\" data-end=\"1319\">Ce que vous obtiendrez :<\/strong><\/p>\n<ul>\n<li data-start=\"1324\" data-end=\"1389\">Configuration compl\u00e8te ou optimisation des pages Facebook et Instagram<\/li>\n<li data-start=\"1392\" data-end=\"1438\">Conception professionnelle des photos de profil et de couverture<\/li>\n<li data-start=\"1441\" data-end=\"1502\">Mise en place des informations commerciales, coordonn\u00e9es et services<\/li>\n<li data-start=\"1505\" data-end=\"1560\">Configuration des boutons d\u2019appel \u00e0 l\u2019action et des r\u00e9ponses rapides<\/li>\n<li data-start=\"1563\" data-end=\"1615\">Descriptions optimis\u00e9es pour le SEO et int\u00e9gration de mots-cl\u00e9s<\/li>\n<\/ul>\n<p>&nbsp;<\/p>\n<p data-start=\"1617\" data-end=\"1646\"><strong data-start=\"1617\" data-end=\"1644\">Pourquoi commander ce service ?<\/strong><\/p>\n<ul>\n<li data-start=\"1649\" data-end=\"1698\">Cr\u00e9e une image de marque professionnelle et digne de confiance<\/li>\n<li data-start=\"1701\" data-end=\"1753\">Am\u00e9liore la visibilit\u00e9 dans les recherches sur les r\u00e9seaux sociaux<\/li>\n<li data-start=\"1756\" data-end=\"1802\">Renforce l\u2019engagement gr\u00e2ce \u00e0 des fonctionnalit\u00e9s optimis\u00e9es<\/li>\n<li data-start=\"1805\" data-end=\"1850\">Pr\u00e9pare le terrain pour des campagnes publicitaires performantes<\/li>\n<\/ul>\n<p>&nbsp;<\/p>\n<p data-start=\"1852\" data-end=\"1875\"><strong data-start=\"1852\" data-end=\"1873\">Options suppl\u00e9mentaires :<\/strong><\/p>\n<ul>\n<li data-start=\"1878\" data-end=\"1913\">Kit de branding personnalis\u00e9 pour les r\u00e9seaux sociaux<\/li>\n<li data-start=\"1916\" data-end=\"1948\">Conception de couvertures pour les stories \u00e0 la une<\/li>\n<li data-start=\"1951\" data-end=\"1993\">Int\u00e9gration avec Messenger et WhatsApp<\/li>\n<li data-start=\"1996\" data-end=\"2022\">Mises \u00e0 jour visuelles saisonni\u00e8res<\/li>\n<\/ul>\n<p data-start=\"2024\" data-end=\"2143\">","protected":false},"excerpt":{"rendered":"<p>About this serviceI help businesses establish a powerful presence on Facebook and Instagram by creating or optimizing their pages for maximum impact. This includes setting up all essential business details, designing high-quality visuals, and configuring page features to improve discoverability and engagement. By using proven optimization strategies, your pages will attract the right audience, boost [&hellip;]<\/p>\n","protected":false},"featured_media":6421,"comment_status":"open","ping_status":"closed","template":"","meta":{"_acf_changed":false},"product_brand":[],"product_cat":[134],"product_tag":[141],"class_list":{"0":"post-6420","1":"product","2":"type-product","3":"status-publish","4":"has-post-thumbnail","6":"product_cat-social-media-marketing","7":"product_tag-one-time-fee","9":"first","10":"instock","11":"virtual","12":"taxable","13":"purchasable","14":"product-type-simple"},"acf":[],"aioseo_notices":[],"_links":{"self":[{"href":"https:\/\/majal.ca\/fr\/wp-json\/wp\/v2\/product\/6420","targetHints":{"allow":["GET"]}}],"collection":[{"href":"https:\/\/majal.ca\/fr\/wp-json\/wp\/v2\/product"}],"about":[{"href":"https:\/\/majal.ca\/fr\/wp-json\/wp\/v2\/types\/product"}],"replies":[{"embeddable":true,"href":"https:\/\/majal.ca\/fr\/wp-json\/wp\/v2\/comments?post=6420"}],"version-history":[{"count":3,"href":"https:\/\/majal.ca\/fr\/wp-json\/wp\/v2\/product\/6420\/revisions"}],"predecessor-version":[{"id":7486,"href":"https:\/\/majal.ca\/fr\/wp-json\/wp\/v2\/product\/6420\/revisions\/7486"}],"wp:featuredmedia":[{"embeddable":true,"href":"https:\/\/majal.ca\/fr\/wp-json\/wp\/v2\/media\/6421"}],"wp:attachment":[{"href":"https:\/\/majal.ca\/fr\/wp-json\/wp\/v2\/media?parent=6420"}],"wp:term":[{"taxonomy":"product_brand","embeddable":true,"href":"https:\/\/majal.ca\/fr\/wp-json\/wp\/v2\/product_brand?post=6420"},{"taxonomy":"product_cat","embeddable":true,"href":"https:\/\/majal.ca\/fr\/wp-json\/wp\/v2\/product_cat?post=6420"},{"taxonomy":"product_tag","embeddable":true,"href":"https:\/\/majal.ca\/fr\/wp-json\/wp\/v2\/product_tag?post=6420"}],"curies":[{"name":"wp","href":"https:\/\/api.w.org\/{rel}","templated":true}]}}